{"id":9,"date":"2019-02-19T11:48:13","date_gmt":"2019-02-19T10:48:13","guid":{"rendered":"http:\/\/localhost:8888\/MAMP\/?page_id=9"},"modified":"2022-02-20T18:34:09","modified_gmt":"2022-02-20T17:34:09","slug":"reglement","status":"publish","type":"page","link":"https:\/\/bugaled-ar-pouldu.fr\/?page_id=9","title":{"rendered":"R\u00e9glement"},"content":{"rendered":"\t\t<div data-elementor-type=\"wp-post\" data-elementor-id=\"9\" class=\"elementor elementor-9\">\n\t\t\t\t\t\t<div class=\"elementor-inner\">\n\t\t\t\t<div class=\"elementor-section-wrap\">\n\t\t\t\t\t\t\t\t\t<section class=\"elementor-section elementor-top-section elementor-element elementor-element-72a4401 elementor-section-boxed elementor-section-height-default elementor-section-height-default\" data-id=\"72a4401\" data-element_type=\"section\">\n\t\t\t\t\t\t<div class=\"elementor-container elementor-column-gap-default\">\n\t\t\t\t\t\t\t<div class=\"elementor-row\">\n\t\t\t\t\t<div class=\"elementor-column elementor-col-16 elementor-top-column elementor-element elementor-element-98bedb4\" data-id=\"98bedb4\" data-element_type=\"column\">\n\t\t\t<div class=\"elementor-column-wrap\">\n\t\t\t\t\t\t\t<div class=\"elementor-widget-wrap\">\n\t\t\t\t\t\t\t\t<\/div>\n\t\t\t\t\t<\/div>\n\t\t<\/div>\n\t\t\t\t<div class=\"elementor-column elementor-col-66 elementor-top-column elementor-element elementor-element-098acb2\" data-id=\"098acb2\" data-element_type=\"column\">\n\t\t\t<div class=\"elementor-column-wrap elementor-element-populated\">\n\t\t\t\t\t\t\t<div class=\"elementor-widget-wrap\">\n\t\t\t\t\t\t<section class=\"elementor-section elementor-inner-section elementor-element elementor-element-afc6f2a elementor-section-boxed elementor-section-height-default elementor-section-height-default\" data-id=\"afc6f2a\" data-element_type=\"section\">\n\t\t\t\t\t\t<div class=\"elementor-container elementor-column-gap-default\">\n\t\t\t\t\t\t\t<div class=\"elementor-row\">\n\t\t\t\t\t<div class=\"elementor-column elementor-col-33 elementor-inner-column elementor-element elementor-element-767d91a\" data-id=\"767d91a\" data-element_type=\"column\">\n\t\t\t<div class=\"elementor-column-wrap elementor-element-populated\">\n\t\t\t\t\t\t\t<div class=\"elementor-widget-wrap\">\n\t\t\t\t\t\t<div class=\"elementor-element elementor-element-2d175b0 elementor-view-default elementor-widget elementor-widget-icon\" data-id=\"2d175b0\" data-element_type=\"widget\" data-widget_type=\"icon.default\">\n\t\t\t\t<div class=\"elementor-widget-container\">\n\t\t\t\t\t<div class=\"elementor-icon-wrapper\">\n\t\t\t<div class=\"elementor-icon\">\n\t\t\t\t\t\t\t<i class=\"fa fa-book\" aria-hidden=\"true\"><\/i>\n\t\t\t\t\t\t<\/div>\n\t\t<\/div>\n\t\t\t\t<\/div>\n\t\t\t\t<\/div>\n\t\t\t\t\t\t<\/div>\n\t\t\t\t\t<\/div>\n\t\t<\/div>\n\t\t\t\t<div class=\"elementor-column elementor-col-66 elementor-inner-column elementor-element elementor-element-92d8268\" data-id=\"92d8268\" data-element_type=\"column\">\n\t\t\t<div class=\"elementor-column-wrap elementor-element-populated\">\n\t\t\t\t\t\t\t<div class=\"elementor-widget-wrap\">\n\t\t\t\t\t\t<div class=\"elementor-element elementor-element-e1b87df elementor-widget elementor-widget-heading\" data-id=\"e1b87df\" data-element_type=\"widget\" data-widget_type=\"heading.default\">\n\t\t\t\t<div class=\"elementor-widget-container\">\n\t\t\t<h2 class=\"elementor-heading-title elementor-size-xl\">R\u00e9glement<\/h2>\t\t<\/div>\n\t\t\t\t<\/div>\n\t\t\t\t\t\t<\/div>\n\t\t\t\t\t<\/div>\n\t\t<\/div>\n\t\t\t\t\t\t\t\t<\/div>\n\t\t\t\t\t<\/div>\n\t\t<\/section>\n\t\t\t\t\t\t<\/div>\n\t\t\t\t\t<\/div>\n\t\t<\/div>\n\t\t\t\t<div class=\"elementor-column elementor-col-16 elementor-top-column elementor-element elementor-element-4658053\" data-id=\"4658053\" data-element_type=\"column\">\n\t\t\t<div class=\"elementor-column-wrap\">\n\t\t\t\t\t\t\t<div class=\"elementor-widget-wrap\">\n\t\t\t\t\t\t\t\t<\/div>\n\t\t\t\t\t<\/div>\n\t\t<\/div>\n\t\t\t\t\t\t\t\t<\/div>\n\t\t\t\t\t<\/div>\n\t\t<\/section>\n\t\t\t\t<section class=\"elementor-section elementor-top-section elementor-element elementor-element-617a9fda elementor-section-boxed elementor-section-height-default elementor-section-height-default\" data-id=\"617a9fda\" data-element_type=\"section\">\n\t\t\t\t\t\t<div class=\"elementor-container elementor-column-gap-default\">\n\t\t\t\t\t\t\t<div class=\"elementor-row\">\n\t\t\t\t\t<div class=\"elementor-column elementor-col-100 elementor-top-column elementor-element elementor-element-79e422d9\" data-id=\"79e422d9\" data-element_type=\"column\">\n\t\t\t<div class=\"elementor-column-wrap elementor-element-populated\">\n\t\t\t\t\t\t\t<div class=\"elementor-widget-wrap\">\n\t\t\t\t\t\t<div class=\"elementor-element elementor-element-8797db6 elementor-widget elementor-widget-text-editor\" data-id=\"8797db6\" data-element_type=\"widget\" data-widget_type=\"text-editor.default\">\n\t\t\t\t<div class=\"elementor-widget-container\">\n\t\t\t\t\t\t\t\t<div class=\"elementor-text-editor elementor-clearfix\">\n\t\t\t\t<h4><b>A . Organisation :<\/b><\/h4><p>\u00a0 \u00a0 \u00a0 \u00a0 \u00a0 Le Trail du Pouldu est organis\u00e9 par l\u2019association BUGALED AR POULDU<\/p><h4><b>B . Parcours :<\/b><\/h4><p>\u00a0 \u00a0 \u00a0 \u00a0 \u00a0 Il se d\u00e9roule en ligne reliant plusieurs lieux dit et totalisant 13 km pour le court et 24 km pour le long. Il allie passage en sous-bois et c\u00f4tier gr\u00e2ce \u00e0 des paysages multiples : falaises rocheuses, petites criques, chemins, champs, cour d\u2019eau, travers\u00e9e de route, franchissement d\u2019obstacles naturels ou non.<\/p><p>\u00a0 \u00a0 \u00a0 \u00a0 \u00a0 Les parcours sont d\u00e9cris dans un flyer remis \u00e0 chaque concurrent \u00e0 leur arriv\u00e9e et sont balis\u00e9s ( fl\u00e9chage au sol ,panneau d\u2019indication et b\u00e9n\u00e9voles sur le parcours). Les deux courses se d\u00e9roulent de jour avec un d\u00e9part (diff\u00e9r\u00e9 pour les deux courses de 30 min) et une arriv\u00e9e sur l&rsquo;esplanade de Bellangenet .<\/p><p>\u00a0 \u00a0 \u00a0 \u00a0 \u00a0 Seul le circuit court est autoris\u00e9 aux marcheurs.<\/p><h4><b>C . Parking :<\/b><\/h4><p>\u00a0 \u00a0 \u00a0 \u00a0 \u00a0 Trois parkings sont \u00e0 disposition pr\u00e8s du site (max 500 m\u00e8tres).<\/p><h4><b>\u00a0<\/b><\/h4><h4><b>D . Participants :<\/b><\/h4><p>\u00a0 \u00a0 \u00a0 \u00a0 \u00a0 Les \u00e9preuves du Trail sont ouvertes aux coureurs licenci\u00e9s FFA , et non licenci\u00e9s de 18 ans et + sous condition.<\/p><p>\u00a0 \u00a0 \u00a0 \u00a0 \u00a0 La participation aux \u00e9preuves sportives organis\u00e9es ou agr\u00e9es par les f\u00e9d\u00e9rations sportives est subordonn\u00e9e \u00e0 la pr\u00e9sentation d\u2019un certificat m\u00e9dical (ou de la copie de celui ci)de non-contre-indication \u00e0 la course \u00e0 pied en comp\u00e9tition, comp\u00e9tition, datant de moins d\u2019un an \u00e0 la date de l\u2019\u00e9preuve pour les non-licenci\u00e9s, soit de votre licence FFA.<\/p><p>\u00a0 \u00a0 \u00a0 \u00a0 \u00a0 Les licences de triathlon, course d\u2019orientation ou pentathlon moderne ne sont pas accept\u00e9es.<\/p><p><b>\u00a0<\/b><\/p><h4><b>E . Responsabilit\u00e9 m\u00e9dicale:<\/b><\/h4><p>\u00a0 \u00a0 \u00a0 \u00a0 \u00a0 Le Directeur de course ainsi que tous les membres de l\u2019\u00e9quipe m\u00e9dicale de l\u2019\u00e9preuve peuvent mettre hors course tout participant dont l\u2019\u00e9tat de sant\u00e9 leur semble incompatible avec le kilom\u00e9trage restant \u00e0 parcourir.<\/p><p>\u00a0 \u00a0 \u00a0 \u00a0 \u00a0 Il leur est m\u00eame possible d\u2019interdire \u00e0 tous concurrents de prendre le d\u00e9part si leur physique semble incompatible avec l\u2019effort \u00e0 fournir, le terrain ou les conditions climatiques.<\/p><p><b>\u00a0<\/b><\/p><h4><b>F. Contr\u00f4le :<\/b><\/h4><p>\u00a0 \u00a0 \u00a0 \u00a0 \u00a0 Des contr\u00f4les seront effectu\u00e9s avant l\u2019\u00e9preuve afin d\u2019assurer de parfaites conditions de r\u00e9gularit\u00e9s de course. Un coureur dont le dossard ne serait pas visible sera disqualifi\u00e9.<\/p><p>\u00a0 \u00a0 \u00a0 \u00a0 \u00a0 Toute infraction constat\u00e9e par un membre de l\u2019\u00e9quipe organisatrice entra\u00eenera la disqualification imm\u00e9diate.<\/p><p><b>\u00a0<\/b><\/p><h4><b>G. Autosuffisance et ravitaillement :<\/b><\/h4><p>\u00a0 \u00a0 \u00a0 \u00a0 \u00a0 Les courses sont bas\u00e9es sur le principe de l\u2019autosuffisance, c\u2019est \u00e0 dire hydrique, alimentaire, vestimentaire, m\u00e9dicale et s\u00e9curitaire.<\/p><p>\u00a0 \u00a0 \u00a0 \u00a0 \u00a0 Un ravitaillement l\u00e9ger sera propos\u00e9 en court de chemin pour le circuit court.<\/p><p>\u00a0 \u00a0 \u00a0 \u00a0 \u00a0 Deux ravitaillements l\u00e9gers seront propos\u00e9s en court de chemin pour le circuit long.<\/p><h4><b>\u00a0<\/b><\/h4><h4><b>H. Mat\u00e9riel obligatoire :<\/b><\/h4><p>\u00a0 \u00a0 \u00a0 \u00a0 \u00a0 Chaque concurrent devra avoir dans son sac de d\u00e9part le mat\u00e9riel suivant sous peine de ne pouvoir poursuivre le d\u00e9part : (des contr\u00f4les seront effectu\u00e9s)<\/p><p>\u00a0 \u00a0 \u00a0 \u00a0\u00a0 \u00a0 \u00a0 \u00a0 \u00a0 &#8211; 1 t\u00e9l\u00e9phone portable<\/p><h4><b>I. Mat\u00e9riel recommand\u00e9 :<\/b><\/h4><h4><b>\u00a0<\/b><\/h4><p>\u00a0 \u00a0 \u00a0 \u00a0 \u00a0 Il est vivement conseill\u00e9 de prendre du mat\u00e9riel en plus du mat\u00e9riel obligatoire :<\/p><p>\u00a0 \u00a0 \u00a0 \u00a0 \u00a0 &#8211; un volume d\u2019eau de 1 litre que le concurrent portera soit dans un sac soit dans des bidons<\/p><p>\u00a0 \u00a0 \u00a0 \u00a0 \u00a0 &#8211; chaussure de trail<\/p><p>\u00a0 \u00a0 \u00a0 \u00a0 \u00a0 &#8211; un buff ou une casquette<\/p><p>\u00a0 \u00a0 \u00a0 \u00a0 \u00a0 &#8211; pansement<\/p><h4><b>\u00a0<\/b><\/h4><h4><b>J. Horaires :<\/b><\/h4><p>\u00a0 \u00a0 \u00a0 \u00a0 \u00a0 Chaque coureur se rendra sur le lieu de d\u00e9part par ses propres moyens.<\/p><p>\u00a0 \u00a0 \u00a0 \u00a0 \u00a0 Le d\u00e9part du circuit long sera donn\u00e9 \u00e0 14h30 et celui du circuit court \u00e0 15h .<\/p><p>\u00a0 \u00a0 \u00a0 \u00a0 \u00a0 La pr\u00e9sence des coureurs est obligatoire dans le sas de d\u00e9part 15 min avant le coup\u00a0d\u2019envoi.<\/p><h4><b>\u00a0<\/b><\/h4><h4><b>K.Temps limite :<\/b><\/h4><p>\u00a0 \u00a0 \u00a0 \u00a0 \u00a0 Les participants disposent d\u2019un temps limite pour terminer le parcours. Il est fix\u00e9 \u00e0 4h pour le parcours long et 2h30 pour le parcours court.<\/p><p>\u00a0 \u00a0 \u00a0 \u00a0 \u00a0 Les coureurs et marcheurs ne pouvant terminer dans les d\u00e9lais devront remettre leur dossard \u00e0 l\u2019organisation et emprunter les voies de retour balis\u00e9es.<\/p><p><b>\u00a0<\/b><\/p><h4><b>L .Circulation:<\/b><\/h4><h4><b>\u00a0<\/b><\/h4><p>\u00a0 \u00a0 \u00a0 \u00a0 \u00a0 Vous n\u2019\u00eates pas prioritaires !<\/p><p>\u00a0 \u00a0 \u00a0 \u00a0 \u00a0 Les parcours empruntent ou croisent des voies de circulation automobiles.<\/p><p>\u00a0 \u00a0 \u00a0 \u00a0 \u00a0 Il convient et il est de la responsabilit\u00e9 de chacun des coureurs, de respecter les r\u00e8gles \u00e9l\u00e9mentaires de s\u00e9curit\u00e9 lors du passage de celles- ci et de faire en sorte de rester visibles des automobilistes. Pour votre s\u00e9curit\u00e9 comme pour vos chevilles, il est conseill\u00e9 de courir sur le bas-c\u00f4t\u00e9 des routes.<\/p><p>\u00a0 \u00a0 \u00a0 \u00a0 \u00a0 Vous devez suivre les indications du balisage de la course : peinture au sol + panneau +b\u00e9n\u00e9voles physiques sur le parcours.<\/p><p><b>\u00a0<\/b><\/p><h4><b>M .Dossard :<\/b><\/h4><p>\u00a0 \u00a0 \u00a0 \u00a0 \u00a0 Le rendez-vous pour le retrait des dossards est pr\u00e9vu \u00e0 12h30 jusque 14h00 sur le site de l&rsquo;esplanade de Bellangenet .<\/p><p>\u00a0 \u00a0 \u00a0 \u00a0 \u00a0 Pour tout retrait, une pi\u00e8ce d\u2019identit\u00e9 vous sera demand\u00e9e. Les dossards doivent \u00eatre port\u00e9s devant et visibles dans leur int\u00e9gralit\u00e9 .<\/p><p>\u00a0 \u00a0 \u00a0 \u00a0 \u00a0 La ceintures porte dossard sont autoris\u00e9es sinon pr\u00e9voyez des \u00e9pingles.<\/p><h4><strong>N. R\u00e9sultat et r\u00e9compenses<\/strong><\/h4><p>A venir<\/p><h4><b>O. Assurance<\/b><\/h4><p>\u00a0 \u00a0 \u00a0 \u00a0 \u00a0 Conform\u00e9ment \u00e0 la loi, les organisateurs ont souscrit une assurance couvrant les cons\u00e9quences de leur responsabilit\u00e9 civile, celles de leur pr\u00e9pos\u00e9s et de tous les participants au Pouldu Trail apr\u00e8s de la soci\u00e9t\u00e9 GROUPAMA .<\/p><p>\u00a0 \u00a0 \u00a0 \u00a0 \u00a0 Pour l\u2019assurance individuelle accident, les licenci\u00e9s b\u00e9n\u00e9ficient des garanties accord\u00e9es par l\u2019assurance li\u00e9e \u00e0 leur licence .<\/p><p>\u00a0 \u00a0 \u00a0 \u00a0 \u00a0 Il incombe aux autres participants de s\u2019assurer personnellement.<\/p><h4><b>\u00a0<\/b><\/h4><h4><b>Q. Vestiaires et douches :<\/b><\/h4><h4><b>\u00a0<\/b><\/h4><p>\u00a0 \u00a0 \u00a0 \u00a0 \u00a0 Les objets laiss\u00e9s sur le site ne seront pas assur\u00e9s contre le vol par l\u2019association.<\/p><p>\u00a0 \u00a0 \u00a0 \u00a0 \u00a0 Les WC seront ceux du site. Il n\u2019y aura pas de vestiaires, ni de douches<b>.<\/b><\/p><h4><b>\u00a0<\/b><\/h4><h4><b>R. Engagement :<\/b><\/h4><p>\u00a0 \u00a0 \u00a0 \u00a0 \u00a0 Tout engagement est ferme et d\u00e9finitif et ne peut faire l\u2019objet de remboursement pour quelque motif que ce soit sauf en cas de souscription \u00e0 l\u2019assurance annulation. Aucun transfert d\u2019inscription n\u2019est \u00e9galement autoris\u00e9 pour quelque motif que ce soit, si aucune assurance annulation souscrite.<\/p><p>\u00a0 \u00a0 \u00a0 \u00a0 \u00a0 Toute personne r\u00e9troc\u00e9dant son dossard \u00e0 une tierce personne, sera reconnue responsable en cas d\u2019accident survenu ou provoqu\u00e9 par cette derni\u00e8re durant l\u2019\u00e9preuve. L\u2019organisation se d\u00e9gage de toute responsabilit\u00e9 en cas d\u2019accident face \u00e0 ce type de situation.<\/p><p>\u00a0 \u00a0 \u00a0 \u00a0 \u00a0 Aucun changement de distance n\u2019est possible.<\/p><h4><strong>S. Droit \u00e0 l\u2019image :<\/strong><\/h4><p>Tout participant renonce express\u00e9ment \u00e0 se pr\u00e9valoir du droit \u00e0 l\u2019image durant toute la manifestation comme il renonce \u00e0 tout recours \u00e0 l\u2019encontre de l\u2019organisateur et de ses partenaires agr\u00e9\u00e9s pour l\u2019utilisation faite de son image, et ce pour une dur\u00e9e illimit\u00e9e.<\/p><p>La participation au trail concert du 5 juin 2022 implique l&rsquo;accord\u00a0 tacite au droit \u00e0 l&rsquo;image.<\/p><h4><b>T. Assurance annulation :<\/b><\/h4><p>\u00a0 \u00a0 \u00a0 \u00a0 \u00a0 Un coureur peut \u00eatre amen\u00e9 \u00e0 annuler son inscription en cas de :<\/p><p>\u00a0 \u00a0 \u00a0 \u00a0 \u00a0 \u00a0 \u00a0 \u00a0 \u00a0 * d\u00e9c\u00e8s, accident, blessure ou maladie du participant assur\u00e9,<\/p><p>\u00a0 \u00a0 \u00a0 \u00a0 \u00a0 \u00a0 \u00a0 \u00a0 \u00a0 * D\u00e9c\u00e8s, accident ou maladie grave (n\u00e9cessitant une hospitalisation) de son conjoint, d\u2019un ascendant ou descendant du premier degr\u00e9 survenant dans les trente jours pr\u00e9c\u00e9dant la manifestation,<\/p><p>\u00a0 \u00a0 \u00a0 \u00a0 \u00a0 \u00a0 \u00a0 \u00a0 \u00a0 * Vol de papier d\u2019identit\u00e9 48 heures avant le d\u00e9part<\/p><p>\u00a0 \u00a0 \u00a0 \u00a0 \u00a0 \u00a0 \u00a0 \u00a0 \u00a0 * Convocation au tribunal<\/p><p>\u00a0 \u00a0 \u00a0 \u00a0 \u00a0 \u00a0 \u00a0 \u00a0 \u00a0 * Accident trajet<\/p><p>\u00a0 \u00a0 \u00a0 \u00a0 \u00a0 En souscrivant \u00e0 l\u2019assurance annulation uniquement par les cas pr\u00e9cit\u00e9s, le coureur percevra le remboursement int\u00e9gral de son inscription(hors frais bancaires).Le coureur devra adresser sa demande \u00e0 l\u2019association accompagn\u00e9 d\u2019un justificatif.<\/p><p>\u00a0 \u00a0 \u00a0 \u00a0 \u00a0 L\u2019assurance annulation ne fonctionne pas par un certificat non conforme.<\/p><h4><b>U. Annulation de la course :<\/b><\/h4><h4><b>\u00a0<\/b><\/h4><p>\u00a0 \u00a0 \u00a0 \u00a0 \u00a0 Si le Trail devait \u00eatre annul\u00e9 pour cas de force majeure (m\u00e9t\u00e9o, situation sanitaire&#8230;) un remboursement de l\u2019inscription sera effectu\u00e9, dans la limite des sommes d\u00e9j\u00e0 engag\u00e9es.<\/p><p>\u00a0<\/p>\t\t\t\t\t<\/div>\n\t\t\t\t\t\t<\/div>\n\t\t\t\t<\/div>\n\t\t\t\t\t\t<\/div>\n\t\t\t\t\t<\/div>\n\t\t<\/div>\n\t\t\t\t\t\t\t\t<\/div>\n\t\t\t\t\t<\/div>\n\t\t<\/section>\n\t\t\t\t\t\t\t\t\t<\/div>\n\t\t\t<\/div>\n\t\t\t\t\t<\/div>\n\t\t","protected":false},"excerpt":{"rendered":"<p>R\u00e9glement A . Organisation : \u00a0 \u00a0 \u00a0 \u00a0 \u00a0 Le Trail du Pouldu est organis\u00e9 par l\u2019association BUGALED AR POULDU B . Parcours : \u00a0 \u00a0 \u00a0 \u00a0 \u00a0 Il se d\u00e9roule en ligne reliant plusieurs lieux dit et totalisant 13 km pour le court et 24 km pour le long. Il allie passage [&hellip;]<\/p>\n","protected":false},"author":1,"featured_media":0,"parent":0,"menu_order":0,"comment_status":"closed","ping_status":"closed","template":"template-parts\/template-homepage.php","meta":[],"yoast_head":"<!-- This site is optimized with the Yoast SEO plugin v14.4.1 - https:\/\/yoast.com\/wordpress\/plugins\/seo\/ -->\n<title>Bugaled Ar Pouldu - Trail du Pouldu<\/title>\n<meta name=\"robots\" content=\"index, follow\" \/>\n<meta name=\"googlebot\" content=\"index, follow, max-snippet:-1, max-image-preview:large, max-video-preview:-1\" \/>\n<meta name=\"bingbot\" content=\"index, follow, max-snippet:-1, max-image-preview:large, max-video-preview:-1\" \/>\n<link rel=\"canonical\" href=\"https:\/\/bugaled-ar-pouldu.fr\/?page_id=9\" \/>\n<meta property=\"og:locale\" content=\"fr_FR\" \/>\n<meta property=\"og:type\" content=\"article\" \/>\n<meta property=\"og:title\" content=\"Bugaled Ar Pouldu - Trail du Pouldu\" \/>\n<meta property=\"og:description\" content=\"R\u00e9glement A . Organisation : \u00a0 \u00a0 \u00a0 \u00a0 \u00a0 Le Trail du Pouldu est organis\u00e9 par l\u2019association BUGALED AR POULDU B . Parcours : \u00a0 \u00a0 \u00a0 \u00a0 \u00a0 Il se d\u00e9roule en ligne reliant plusieurs lieux dit et totalisant 13 km pour le court et 24 km pour le long. Il allie passage [&hellip;]\" \/>\n<meta property=\"og:url\" content=\"https:\/\/bugaled-ar-pouldu.fr\/?page_id=9\" \/>\n<meta property=\"og:site_name\" content=\"Bugaled Ar Pouldu\" \/>\n<meta property=\"article:publisher\" content=\"https:\/\/www.facebook.com\/Bugaled-Ar-Pouldu-1970205619952040\/\" \/>\n<meta property=\"article:modified_time\" content=\"2022-02-20T17:34:09+00:00\" \/>\n<meta name=\"twitter:card\" content=\"summary_large_image\" \/>\n<script type=\"application\/ld+json\" class=\"yoast-schema-graph\">{\"@context\":\"https:\/\/schema.org\",\"@graph\":[{\"@type\":\"WebSite\",\"@id\":\"https:\/\/bugaled-ar-pouldu.fr\/#website\",\"url\":\"https:\/\/bugaled-ar-pouldu.fr\/\",\"name\":\"Bugaled Ar Pouldu\",\"description\":\"\",\"potentialAction\":[{\"@type\":\"SearchAction\",\"target\":\"https:\/\/bugaled-ar-pouldu.fr\/?s={search_term_string}\",\"query-input\":\"required name=search_term_string\"}],\"inLanguage\":\"fr-FR\"},{\"@type\":\"WebPage\",\"@id\":\"https:\/\/bugaled-ar-pouldu.fr\/?page_id=9#webpage\",\"url\":\"https:\/\/bugaled-ar-pouldu.fr\/?page_id=9\",\"name\":\"Bugaled Ar Pouldu - Trail du Pouldu\",\"isPartOf\":{\"@id\":\"https:\/\/bugaled-ar-pouldu.fr\/#website\"},\"datePublished\":\"2019-02-19T10:48:13+00:00\",\"dateModified\":\"2022-02-20T17:34:09+00:00\",\"inLanguage\":\"fr-FR\",\"potentialAction\":[{\"@type\":\"ReadAction\",\"target\":[\"https:\/\/bugaled-ar-pouldu.fr\/?page_id=9\"]}]}]}<\/script>\n<!-- \/ Yoast SEO plugin. -->","_links":{"self":[{"href":"https:\/\/bugaled-ar-pouldu.fr\/index.php?rest_route=\/wp\/v2\/pages\/9"}],"collection":[{"href":"https:\/\/bugaled-ar-pouldu.fr\/index.php?rest_route=\/wp\/v2\/pages"}],"about":[{"href":"https:\/\/bugaled-ar-pouldu.fr\/index.php?rest_route=\/wp\/v2\/types\/page"}],"author":[{"embeddable":true,"href":"https:\/\/bugaled-ar-pouldu.fr\/index.php?rest_route=\/wp\/v2\/users\/1"}],"replies":[{"embeddable":true,"href":"https:\/\/bugaled-ar-pouldu.fr\/index.php?rest_route=%2Fwp%2Fv2%2Fcomments&post=9"}],"version-history":[{"count":16,"href":"https:\/\/bugaled-ar-pouldu.fr\/index.php?rest_route=\/wp\/v2\/pages\/9\/revisions"}],"predecessor-version":[{"id":352,"href":"https:\/\/bugaled-ar-pouldu.fr\/index.php?rest_route=\/wp\/v2\/pages\/9\/revisions\/352"}],"wp:attachment":[{"href":"https:\/\/bugaled-ar-pouldu.fr\/index.php?rest_route=%2Fwp%2Fv2%2Fmedia&parent=9"}],"curies":[{"name":"wp","href":"https:\/\/api.w.org\/{rel}","templated":true}]}}